{"id":1039,"date":"2020-04-03T11:05:04","date_gmt":"2020-04-03T11:05:04","guid":{"rendered":"https:\/\/aanbiedingen-zomervakantie.nl\/reservieren\/"},"modified":"2022-06-29T11:33:17","modified_gmt":"2022-06-29T11:33:17","slug":"reservieren","status":"publish","type":"page","link":"https:\/\/www.caribflower.com\/de\/reservieren\/","title":{"rendered":"Reservieren"},"content":{"rendered":"\t\t<div data-elementor-type=\"wp-page\" data-elementor-id=\"1039\" class=\"elementor elementor-1039 elementor-138\">\n\t\t\t\t\t\t<section class=\"elementor-section elementor-top-section elementor-element elementor-element-aeb85de elementor-section-boxed elementor-section-height-default elementor-section-height-default\" data-id=\"aeb85de\" data-element_type=\"section\" data-e-type=\"section\" data-settings=\"{&quot;background_background&quot;:&quot;classic&quot;}\">\n\t\t\t\t\t\t<div class=\"elementor-container elementor-column-gap-default\">\n\t\t\t\t\t<div class=\"elementor-column elementor-col-50 elementor-top-column elementor-element elementor-element-4171d3e\" data-id=\"4171d3e\" data-element_type=\"column\" data-e-type=\"column\" data-settings=\"{&quot;background_background&quot;:&quot;classic&quot;}\">\n\t\t\t<div class=\"elementor-widget-wrap elementor-element-populated\">\n\t\t\t\t\t\t<div class=\"elementor-element elementor-element-49c99f4 elementor-widget elementor-widget-text-editor\" data-id=\"49c99f4\" data-element_type=\"widget\" data-e-type=\"widget\" data-widget_type=\"text-editor.default\">\n\t\t\t\t<div class=\"elementor-widget-container\">\n\t\t\t\t\t\t\t\t\t\n<div class=\"wpcf7 no-js\" id=\"wpcf7-f1125-o1\" lang=\"nl-NL\" dir=\"ltr\" data-wpcf7-id=\"1125\">\n<div class=\"screen-reader-response\"><p role=\"status\" aria-live=\"polite\" aria-atomic=\"true\"><\/p> <ul><\/ul><\/div>\n<form action=\"\/de\/wp-json\/wp\/v2\/pages\/1039#wpcf7-f1125-o1\" method=\"post\" class=\"wpcf7-form init\" aria-label=\"Contactformulier\" novalidate=\"novalidate\" data-status=\"init\">\n<fieldset class=\"hidden-fields-container\"><input type=\"hidden\" name=\"_wpcf7\" value=\"1125\" \/><input type=\"hidden\" name=\"_wpcf7_version\" value=\"6.1.5\" \/><input type=\"hidden\" name=\"_wpcf7_locale\" value=\"nl_NL\" \/><input type=\"hidden\" name=\"_wpcf7_unit_tag\" value=\"wpcf7-f1125-o1\" \/><input type=\"hidden\" name=\"_wpcf7_container_post\" value=\"0\" \/><input type=\"hidden\" name=\"_wpcf7_posted_data_hash\" value=\"\" \/>\n<\/fieldset>\n<p><label> Name (obligatorisch)<br \/>\n<span class=\"wpcf7-form-control-wrap\" data-name=\"your-name\"><input size=\"40\" maxlength=\"400\" class=\"wpcf7-form-control wpcf7-text wpcf7-validates-as-required\" aria-required=\"true\" aria-invalid=\"false\" value=\"\" type=\"text\" name=\"your-name\" \/><\/span> <\/label>\n<\/p>\n<p><label> E-Mail-Adresse (obligatorisch)<br \/>\n<span class=\"wpcf7-form-control-wrap\" data-name=\"your-email\"><input size=\"40\" maxlength=\"400\" class=\"wpcf7-form-control wpcf7-email wpcf7-validates-as-required wpcf7-text wpcf7-validates-as-email\" aria-required=\"true\" aria-invalid=\"false\" value=\"\" type=\"email\" name=\"your-email\" \/><\/span> <\/label>\n<\/p>\n<p><label> Ankunftsdatum<br \/>\n<span class=\"wpcf7-form-control-wrap\" data-name=\"Aankomstdatum\"><input class=\"wpcf7-form-control wpcf7-date wpcf7-validates-as-date\" aria-invalid=\"false\" value=\"\" type=\"date\" name=\"Aankomstdatum\" \/><\/span><\/label>\n<\/p>\n<p><label> Datum der Abreise<br \/>\n<span class=\"wpcf7-form-control-wrap\" data-name=\"Datumvanvertrek\"><input class=\"wpcf7-form-control wpcf7-date wpcf7-validates-as-date\" aria-invalid=\"false\" value=\"\" type=\"date\" name=\"Datumvanvertrek\" \/><\/span><\/label>\n<\/p>\n<p><label> Anzahl der Personen<br \/>\n<span class=\"wpcf7-form-control-wrap\" data-name=\"Aantalpersonen\"><input class=\"wpcf7-form-control wpcf7-number wpcf7-validates-as-number\" aria-invalid=\"false\" value=\"\" type=\"number\" name=\"Aantalpersonen\" \/><\/span><\/label>\n<\/p>\n<p><label> Type der Unterkunft<br \/>\n<span class=\"wpcf7-form-control-wrap\" data-name=\"Accommdatie\"><select class=\"wpcf7-form-control wpcf7-select\" aria-invalid=\"false\" multiple=\"multiple\" name=\"Accommdatie[]\"><option value=\"Appartement\">Appartement<\/option><option value=\"Studio\">Studio<\/option><\/select><\/span><\/label>\n<\/p>\n<p><label> Bemerkungen oder Vorlieben<br \/>\n<span class=\"wpcf7-form-control-wrap\" data-name=\"your-message\"><textarea cols=\"40\" rows=\"10\" maxlength=\"2000\" class=\"wpcf7-form-control wpcf7-textarea\" aria-invalid=\"false\" name=\"your-message\"><\/textarea><\/span> <\/label>\n<\/p>\n<p><input class=\"wpcf7-form-control wpcf7-submit has-spinner\" type=\"submit\" value=\"Senden\" \/>\n<\/p><input\n                    class=\"apbct_special_field apbct_email_id__wp_contact_form_7\"\n                    name=\"apbct__email_id__wp_contact_form_7\"\n                    aria-label=\"apbct__label_id__wp_contact_form_7\"\n                    type=\"text\" size=\"30\" maxlength=\"200\" autocomplete=\"off\"\n                    value=\"\"\n                \/><div class=\"wpcf7-response-output\" aria-hidden=\"true\"><\/div>\n<input\n                    class=\"apbct_special_field apbct_email_id__elementor_form\"\n                    name=\"apbct__email_id__elementor_form\"\n                    aria-label=\"apbct__label_id__elementor_form\"\n                    type=\"text\" size=\"30\" maxlength=\"200\" autocomplete=\"off\"\n                    value=\"\"\n                \/><\/form>\n<\/div>\n\n\t\t\t\t\t\t\t\t<\/div>\n\t\t\t\t<\/div>\n\t\t\t\t\t<\/div>\n\t\t<\/div>\n\t\t\t\t<div class=\"elementor-column elementor-col-50 elementor-top-column elementor-element elementor-element-155dfd0\" data-id=\"155dfd0\" data-element_type=\"column\" data-e-type=\"column\">\n\t\t\t<div class=\"elementor-widget-wrap elementor-element-populated\">\n\t\t\t\t\t\t<div class=\"elementor-element elementor-element-6957827 elementor-widget elementor-widget-image\" data-id=\"6957827\" data-element_type=\"widget\" data-e-type=\"widget\" data-widget_type=\"image.default\">\n\t\t\t\t<div class=\"elementor-widget-container\">\n\t\t\t\t\t\t\t\t\t\t\t\t\t\t\t<img fetchpriority=\"high\" decoding=\"async\" width=\"500\" height=\"300\" src=\"https:\/\/www.caribflower.com\/wp-content\/uploads\/2020\/02\/zwembad-3.jpg\" class=\"attachment-large size-large wp-image-487\" alt=\"\" srcset=\"https:\/\/www.caribflower.com\/wp-content\/uploads\/2020\/02\/zwembad-3.jpg 500w, https:\/\/www.caribflower.com\/wp-content\/uploads\/2020\/02\/zwembad-3-300x180.jpg 300w\" sizes=\"(max-width: 500px) 100vw, 500px\" \/>\t\t\t\t\t\t\t\t\t\t\t\t\t\t\t<\/div>\n\t\t\t\t<\/div>\n\t\t\t\t<div class=\"elementor-element elementor-element-5dd6bcb elementor-widget elementor-widget-heading\" data-id=\"5dd6bcb\" data-element_type=\"widget\" data-e-type=\"widget\" data-widget_type=\"heading.default\">\n\t\t\t\t<div class=\"elementor-widget-container\">\n\t\t\t\t\t<h3 class=\"elementor-heading-title elementor-size-default\">Reservieren Jetzt ab \u20ac 50 P\/N !<\/h3>\t\t\t\t<\/div>\n\t\t\t\t<\/div>\n\t\t\t\t<div class=\"elementor-element elementor-element-0dbf9e7 elementor-widget elementor-widget-spacer\" data-id=\"0dbf9e7\" data-element_type=\"widget\" data-e-type=\"widget\" data-widget_type=\"spacer.default\">\n\t\t\t\t<div class=\"elementor-widget-container\">\n\t\t\t\t\t\t\t<div class=\"elementor-spacer\">\n\t\t\t<div class=\"elementor-spacer-inner\"><\/div>\n\t\t<\/div>\n\t\t\t\t\t\t<\/div>\n\t\t\t\t<\/div>\n\t\t\t\t<div class=\"elementor-element elementor-element-608f957 elementor-widget elementor-widget-html\" data-id=\"608f957\" data-element_type=\"widget\" data-e-type=\"widget\" data-widget_type=\"html.default\">\n\t\t\t\t<div class=\"elementor-widget-container\">\n\t\t\t\t\t<div id=\"TA_selfserveprop64\" class=\"TA_selfserveprop\"><ul id=\"P4nFRgN\" class=\"TA_links hQRM8n\"><li id=\"A67ibxMSmDF\" class=\"JWLGBeR\"><a target=\"_blank\" href=\"https:\/\/www.tripadvisor.de\/Hotel_Review-g147278-d7820155-Reviews-Caribbean_Flower_Apartments-Willemstad_Curacao.html\"><img decoding=\"async\" src=\"https:\/\/www.tripadvisor.de\/img\/cdsi\/img2\/branding\/v2\/Tripadvisor_lockup_horizontal_secondary_registered-11900-2.svg\" alt=\"TripAdvisor\"\/><\/a><\/li><\/ul><\/div><script async src=\"https:\/\/www.jscache.com\/wejs?wtype=selfserveprop&uniq=64&locationId=7820155&lang=de&rating=true&nreviews=5&writereviewlink=false&popIdx=false&iswide=false&border=false&display_version=2\" data-loadtrk onload=\"this.loadtrk=true\"><\/script>\r\n<\/p>\r\n\t\t\t\t<\/div>\n\t\t\t\t<\/div>\n\t\t\t\t\t<\/div>\n\t\t<\/div>\n\t\t\t\t\t<\/div>\n\t\t<\/section>\n\t\t\t\t<\/div>\n\t\t","protected":false},"excerpt":{"rendered":"<p>Reservieren Jetzt ab \u20ac 50 P\/N !<\/p>\n","protected":false},"author":4,"featured_media":0,"parent":0,"menu_order":0,"comment_status":"closed","ping_status":"closed","template":"","meta":{"_exactmetrics_skip_tracking":false,"_exactmetrics_sitenote_active":false,"_exactmetrics_sitenote_note":"","_exactmetrics_sitenote_category":0,"footnotes":""},"class_list":["post-1039","page","type-page","status-publish","hentry"],"yoast_head":"<!-- This site is optimized with the Yoast SEO plugin v27.4 - https:\/\/yoast.com\/product\/yoast-seo-wordpress\/ -->\n<title>Reservier ein Appartements oder Studio auf Curacao<\/title>\n<meta name=\"description\" content=\"Reservier ein Appartements oder Studio auf Curacao bei Caribbean Flower, ein kleines privat gef\u00fchrtes Resort, welches drei Appartements, sowie \u00fcber drei Studios verf\u00fcgt\" \/>\n<meta name=\"robots\" content=\"index, follow, max-snippet:-1, max-image-preview:large, max-video-preview:-1\" \/>\n<link rel=\"canonical\" href=\"https:\/\/www.caribflower.com\/de\/reservieren\/\" \/>\n<meta property=\"og:locale\" content=\"de_DE\" \/>\n<meta property=\"og:type\" content=\"article\" \/>\n<meta property=\"og:title\" content=\"Reservier ein Appartements oder Studio auf Curacao\" \/>\n<meta property=\"og:description\" content=\"Reservier ein Appartements oder Studio auf Curacao bei Caribbean Flower, ein kleines privat gef\u00fchrtes Resort, welches drei Appartements, sowie \u00fcber drei Studios verf\u00fcgt\" \/>\n<meta property=\"og:url\" content=\"https:\/\/www.caribflower.com\/de\/reservieren\/\" \/>\n<meta property=\"article:modified_time\" content=\"2022-06-29T11:33:17+00:00\" \/>\n<meta property=\"og:image\" content=\"https:\/\/www.caribflower.com\/wp-content\/uploads\/2020\/02\/14068124_1218678654858138_3677348098906129701_n.jpg\" \/>\n\t<meta property=\"og:image:width\" content=\"960\" \/>\n\t<meta property=\"og:image:height\" content=\"576\" \/>\n\t<meta property=\"og:image:type\" content=\"image\/jpeg\" \/>\n<meta name=\"twitter:card\" content=\"summary_large_image\" \/>\n<meta name=\"twitter:title\" content=\"Reservier ein Appartements oder Studio auf Curacao\" \/>\n<meta name=\"twitter:description\" content=\"Reservier ein Appartements oder Studio auf Curacao bei Caribbean Flower, ein kleines privat gef\u00fchrtes Resort, welches drei Appartements, sowie \u00fcber drei Studios verf\u00fcgt\" \/>\n<meta name=\"twitter:image\" content=\"https:\/\/aanbiedingen-zomervakantie.nl\/wp-content\/uploads\/2020\/02\/14068124_1218678654858138_3677348098906129701_n.jpg\" \/>\n<meta name=\"twitter:label1\" content=\"Gesch\u00e4tzte Lesezeit\" \/>\n\t<meta name=\"twitter:data1\" content=\"1\u00a0Minute\" \/>\n<script type=\"application\/ld+json\" class=\"yoast-schema-graph\">{\"@context\":\"https:\\\/\\\/schema.org\",\"@graph\":[{\"@type\":\"WebPage\",\"@id\":\"https:\\\/\\\/www.caribflower.com\\\/de\\\/reservieren\\\/\",\"url\":\"https:\\\/\\\/www.caribflower.com\\\/de\\\/reservieren\\\/\",\"name\":\"Reservier ein Appartements oder Studio auf Curacao\",\"isPartOf\":{\"@id\":\"https:\\\/\\\/www.caribflower.com\\\/de\\\/#website\"},\"primaryImageOfPage\":{\"@id\":\"https:\\\/\\\/www.caribflower.com\\\/de\\\/reservieren\\\/#primaryimage\"},\"image\":{\"@id\":\"https:\\\/\\\/www.caribflower.com\\\/de\\\/reservieren\\\/#primaryimage\"},\"thumbnailUrl\":\"https:\\\/\\\/www.caribflower.com\\\/wp-content\\\/uploads\\\/2020\\\/02\\\/zwembad-3.jpg\",\"datePublished\":\"2020-04-03T11:05:04+00:00\",\"dateModified\":\"2022-06-29T11:33:17+00:00\",\"description\":\"Reservier ein Appartements oder Studio auf Curacao bei Caribbean Flower, ein kleines privat gef\u00fchrtes Resort, welches drei Appartements, sowie \u00fcber drei Studios verf\u00fcgt\",\"breadcrumb\":{\"@id\":\"https:\\\/\\\/www.caribflower.com\\\/de\\\/reservieren\\\/#breadcrumb\"},\"inLanguage\":\"de\",\"potentialAction\":[{\"@type\":\"ReadAction\",\"target\":[\"https:\\\/\\\/www.caribflower.com\\\/de\\\/reservieren\\\/\"]}]},{\"@type\":\"ImageObject\",\"inLanguage\":\"de\",\"@id\":\"https:\\\/\\\/www.caribflower.com\\\/de\\\/reservieren\\\/#primaryimage\",\"url\":\"https:\\\/\\\/www.caribflower.com\\\/wp-content\\\/uploads\\\/2020\\\/02\\\/zwembad-3.jpg\",\"contentUrl\":\"https:\\\/\\\/www.caribflower.com\\\/wp-content\\\/uploads\\\/2020\\\/02\\\/zwembad-3.jpg\"},{\"@type\":\"BreadcrumbList\",\"@id\":\"https:\\\/\\\/www.caribflower.com\\\/de\\\/reservieren\\\/#breadcrumb\",\"itemListElement\":[{\"@type\":\"ListItem\",\"position\":1,\"name\":\"Home\",\"item\":\"https:\\\/\\\/www.caribflower.com\\\/de\\\/\"},{\"@type\":\"ListItem\",\"position\":2,\"name\":\"Reservieren\"}]},{\"@type\":\"WebSite\",\"@id\":\"https:\\\/\\\/www.caribflower.com\\\/de\\\/#website\",\"url\":\"https:\\\/\\\/www.caribflower.com\\\/de\\\/\",\"name\":\"\",\"description\":\"\",\"publisher\":{\"@id\":\"https:\\\/\\\/www.caribflower.com\\\/de\\\/#organization\"},\"potentialAction\":[{\"@type\":\"SearchAction\",\"target\":{\"@type\":\"EntryPoint\",\"urlTemplate\":\"https:\\\/\\\/www.caribflower.com\\\/de\\\/?s={search_term_string}\"},\"query-input\":{\"@type\":\"PropertyValueSpecification\",\"valueRequired\":true,\"valueName\":\"search_term_string\"}}],\"inLanguage\":\"de\"},{\"@type\":\"Organization\",\"@id\":\"https:\\\/\\\/www.caribflower.com\\\/de\\\/#organization\",\"name\":\"Caribbean Flower Apartments Curacao\",\"url\":\"https:\\\/\\\/www.caribflower.com\\\/de\\\/\",\"logo\":{\"@type\":\"ImageObject\",\"inLanguage\":\"de\",\"@id\":\"https:\\\/\\\/www.caribflower.com\\\/de\\\/#\\\/schema\\\/logo\\\/image\\\/\",\"url\":\"https:\\\/\\\/www.caribflower.com\\\/wp-content\\\/uploads\\\/2020\\\/05\\\/cropped-favicon2.png\",\"contentUrl\":\"https:\\\/\\\/www.caribflower.com\\\/wp-content\\\/uploads\\\/2020\\\/05\\\/cropped-favicon2.png\",\"width\":512,\"height\":512,\"caption\":\"Caribbean Flower Apartments Curacao\"},\"image\":{\"@id\":\"https:\\\/\\\/www.caribflower.com\\\/de\\\/#\\\/schema\\\/logo\\\/image\\\/\"}}]}<\/script>\n<!-- \/ Yoast SEO plugin. -->","yoast_head_json":{"title":"Reservier ein Appartements oder Studio auf Curacao","description":"Reservier ein Appartements oder Studio auf Curacao bei Caribbean Flower, ein kleines privat gef\u00fchrtes Resort, welches drei Appartements, sowie \u00fcber drei Studios verf\u00fcgt","robots":{"index":"index","follow":"follow","max-snippet":"max-snippet:-1","max-image-preview":"max-image-preview:large","max-video-preview":"max-video-preview:-1"},"canonical":"https:\/\/www.caribflower.com\/de\/reservieren\/","og_locale":"de_DE","og_type":"article","og_title":"Reservier ein Appartements oder Studio auf Curacao","og_description":"Reservier ein Appartements oder Studio auf Curacao bei Caribbean Flower, ein kleines privat gef\u00fchrtes Resort, welches drei Appartements, sowie \u00fcber drei Studios verf\u00fcgt","og_url":"https:\/\/www.caribflower.com\/de\/reservieren\/","article_modified_time":"2022-06-29T11:33:17+00:00","og_image":[{"width":960,"height":576,"url":"https:\/\/www.caribflower.com\/wp-content\/uploads\/2020\/02\/14068124_1218678654858138_3677348098906129701_n.jpg","type":"image\/jpeg"}],"twitter_card":"summary_large_image","twitter_title":"Reservier ein Appartements oder Studio auf Curacao","twitter_description":"Reservier ein Appartements oder Studio auf Curacao bei Caribbean Flower, ein kleines privat gef\u00fchrtes Resort, welches drei Appartements, sowie \u00fcber drei Studios verf\u00fcgt","twitter_image":"https:\/\/aanbiedingen-zomervakantie.nl\/wp-content\/uploads\/2020\/02\/14068124_1218678654858138_3677348098906129701_n.jpg","twitter_misc":{"Gesch\u00e4tzte Lesezeit":"1\u00a0Minute"},"schema":{"@context":"https:\/\/schema.org","@graph":[{"@type":"WebPage","@id":"https:\/\/www.caribflower.com\/de\/reservieren\/","url":"https:\/\/www.caribflower.com\/de\/reservieren\/","name":"Reservier ein Appartements oder Studio auf Curacao","isPartOf":{"@id":"https:\/\/www.caribflower.com\/de\/#website"},"primaryImageOfPage":{"@id":"https:\/\/www.caribflower.com\/de\/reservieren\/#primaryimage"},"image":{"@id":"https:\/\/www.caribflower.com\/de\/reservieren\/#primaryimage"},"thumbnailUrl":"https:\/\/www.caribflower.com\/wp-content\/uploads\/2020\/02\/zwembad-3.jpg","datePublished":"2020-04-03T11:05:04+00:00","dateModified":"2022-06-29T11:33:17+00:00","description":"Reservier ein Appartements oder Studio auf Curacao bei Caribbean Flower, ein kleines privat gef\u00fchrtes Resort, welches drei Appartements, sowie \u00fcber drei Studios verf\u00fcgt","breadcrumb":{"@id":"https:\/\/www.caribflower.com\/de\/reservieren\/#breadcrumb"},"inLanguage":"de","potentialAction":[{"@type":"ReadAction","target":["https:\/\/www.caribflower.com\/de\/reservieren\/"]}]},{"@type":"ImageObject","inLanguage":"de","@id":"https:\/\/www.caribflower.com\/de\/reservieren\/#primaryimage","url":"https:\/\/www.caribflower.com\/wp-content\/uploads\/2020\/02\/zwembad-3.jpg","contentUrl":"https:\/\/www.caribflower.com\/wp-content\/uploads\/2020\/02\/zwembad-3.jpg"},{"@type":"BreadcrumbList","@id":"https:\/\/www.caribflower.com\/de\/reservieren\/#breadcrumb","itemListElement":[{"@type":"ListItem","position":1,"name":"Home","item":"https:\/\/www.caribflower.com\/de\/"},{"@type":"ListItem","position":2,"name":"Reservieren"}]},{"@type":"WebSite","@id":"https:\/\/www.caribflower.com\/de\/#website","url":"https:\/\/www.caribflower.com\/de\/","name":"","description":"","publisher":{"@id":"https:\/\/www.caribflower.com\/de\/#organization"},"potentialAction":[{"@type":"SearchAction","target":{"@type":"EntryPoint","urlTemplate":"https:\/\/www.caribflower.com\/de\/?s={search_term_string}"},"query-input":{"@type":"PropertyValueSpecification","valueRequired":true,"valueName":"search_term_string"}}],"inLanguage":"de"},{"@type":"Organization","@id":"https:\/\/www.caribflower.com\/de\/#organization","name":"Caribbean Flower Apartments Curacao","url":"https:\/\/www.caribflower.com\/de\/","logo":{"@type":"ImageObject","inLanguage":"de","@id":"https:\/\/www.caribflower.com\/de\/#\/schema\/logo\/image\/","url":"https:\/\/www.caribflower.com\/wp-content\/uploads\/2020\/05\/cropped-favicon2.png","contentUrl":"https:\/\/www.caribflower.com\/wp-content\/uploads\/2020\/05\/cropped-favicon2.png","width":512,"height":512,"caption":"Caribbean Flower Apartments Curacao"},"image":{"@id":"https:\/\/www.caribflower.com\/de\/#\/schema\/logo\/image\/"}}]}},"acf":[],"_links":{"self":[{"href":"https:\/\/www.caribflower.com\/de\/wp-json\/wp\/v2\/pages\/1039","targetHints":{"allow":["GET"]}}],"collection":[{"href":"https:\/\/www.caribflower.com\/de\/wp-json\/wp\/v2\/pages"}],"about":[{"href":"https:\/\/www.caribflower.com\/de\/wp-json\/wp\/v2\/types\/page"}],"author":[{"embeddable":true,"href":"https:\/\/www.caribflower.com\/de\/wp-json\/wp\/v2\/users\/4"}],"replies":[{"embeddable":true,"href":"https:\/\/www.caribflower.com\/de\/wp-json\/wp\/v2\/comments?post=1039"}],"version-history":[{"count":10,"href":"https:\/\/www.caribflower.com\/de\/wp-json\/wp\/v2\/pages\/1039\/revisions"}],"predecessor-version":[{"id":1591,"href":"https:\/\/www.caribflower.com\/de\/wp-json\/wp\/v2\/pages\/1039\/revisions\/1591"}],"wp:attachment":[{"href":"https:\/\/www.caribflower.com\/de\/wp-json\/wp\/v2\/media?parent=1039"}],"curies":[{"name":"wp","href":"https:\/\/api.w.org\/{rel}","templated":true}]}}