{"id":1043,"date":"2020-04-03T11:07:46","date_gmt":"2020-04-03T11:07:46","guid":{"rendered":"https:\/\/aanbiedingen-zomervakantie.nl\/preise\/"},"modified":"2022-06-29T11:19:02","modified_gmt":"2022-06-29T11:19:02","slug":"preise","status":"publish","type":"page","link":"https:\/\/www.caribflower.com\/de\/preise\/","title":{"rendered":"Preise"},"content":{"rendered":"\t\t<div data-elementor-type=\"wp-page\" data-elementor-id=\"1043\" class=\"elementor elementor-1043 elementor-121\">\n\t\t\t\t\t\t<section class=\"elementor-section elementor-top-section elementor-element elementor-element-efa999d elementor-section-boxed elementor-section-height-default elementor-section-height-default\" data-id=\"efa999d\" data-element_type=\"section\" data-e-type=\"section\">\n\t\t\t\t\t\t<div class=\"elementor-container elementor-column-gap-default\">\n\t\t\t\t\t<div class=\"elementor-column elementor-col-50 elementor-top-column elementor-element elementor-element-674c466\" data-id=\"674c466\" data-element_type=\"column\" data-e-type=\"column\">\n\t\t\t<div class=\"elementor-widget-wrap elementor-element-populated\">\n\t\t\t\t\t\t<div class=\"elementor-element elementor-element-38ac5f6 elementor-widget elementor-widget-text-editor\" data-id=\"38ac5f6\" data-element_type=\"widget\" data-e-type=\"widget\" data-widget_type=\"text-editor.default\">\n\t\t\t\t<div class=\"elementor-widget-container\">\n\t\t\t\t\t\t\t\t\t<table width=\"100%\">\n<tbody>\n<tr>\n<td width=\"45%\"><strong>Accommodatie<\/strong><\/td>\n<td width=\"35%\"><strong>Personen<\/strong><\/td>\n<td width=\"20%\"><strong>Euro<\/strong><\/td>\n<\/tr>\n<tr>\n<td><a href=\"\/de\/studios\/\">Studio<\/a><\/td>\n<td>2 Personen<\/td>\n<td>50<\/td>\n<\/tr>\n<tr>\n<td><a href=\"\/de\/appartements\/\">Appartement mit 1 Schlafzimmer<\/a><\/td>\n<td>2 Personen<\/td>\n<td>60<\/td>\n<\/tr>\n<tr>\n<td><\/td>\n<td>3 Personen<\/td>\n<td>70<\/td>\n<\/tr>\n<tr>\n<td><\/td>\n<td>4 Personen<\/td>\n<td>80<\/td>\n<\/tr>\n<tr>\n<td><a href=\"\/de\/appartements\/\">Appartement mit 2 Schlafzimmern<\/a><\/td>\n<td>2 Personen<\/td>\n<td>70<\/td>\n<\/tr>\n<tr>\n<td><\/td>\n<td>3 Personen<\/td>\n<td>80<\/td>\n<\/tr>\n<tr>\n<td><\/td>\n<td>4 Personen<\/td>\n<td>90<\/td>\n<\/tr>\n<tr>\n<td><\/td>\n<td>5 Personen<\/td>\n<td>100<\/td>\n<\/tr>\n<\/tbody>\n<\/table>\t\t\t\t\t\t\t\t<\/div>\n\t\t\t\t<\/div>\n\t\t\t\t\t<\/div>\n\t\t<\/div>\n\t\t\t\t<div class=\"elementor-column elementor-col-50 elementor-top-column elementor-element elementor-element-569cd5b\" data-id=\"569cd5b\" data-element_type=\"column\" data-e-type=\"column\">\n\t\t\t<div class=\"elementor-widget-wrap elementor-element-populated\">\n\t\t\t\t\t\t<div class=\"elementor-element elementor-element-1c9de0c elementor-widget elementor-widget-image\" data-id=\"1c9de0c\" data-element_type=\"widget\" data-e-type=\"widget\" data-widget_type=\"image.default\">\n\t\t\t\t<div class=\"elementor-widget-container\">\n\t\t\t\t\t\t\t\t\t\t\t\t\t\t\t<img fetchpriority=\"high\" decoding=\"async\" width=\"500\" height=\"300\" src=\"https:\/\/www.caribflower.com\/wp-content\/uploads\/2020\/02\/zwembad-2.jpg\" class=\"attachment-medium_large size-medium_large wp-image-488\" alt=\"\" srcset=\"https:\/\/www.caribflower.com\/wp-content\/uploads\/2020\/02\/zwembad-2.jpg 500w, https:\/\/www.caribflower.com\/wp-content\/uploads\/2020\/02\/zwembad-2-300x180.jpg 300w\" sizes=\"(max-width: 500px) 100vw, 500px\" \/>\t\t\t\t\t\t\t\t\t\t\t\t\t\t\t<\/div>\n\t\t\t\t<\/div>\n\t\t\t\t<div class=\"elementor-element elementor-element-fe3adea elementor-align-center elementor-widget elementor-widget-button\" data-id=\"fe3adea\" data-element_type=\"widget\" data-e-type=\"widget\" data-widget_type=\"button.default\">\n\t\t\t\t<div class=\"elementor-widget-container\">\n\t\t\t\t\t\t\t\t\t<div class=\"elementor-button-wrapper\">\n\t\t\t\t\t<a class=\"elementor-button elementor-button-link elementor-size-md\" href=\"https:\/\/www.caribflower.com\/de\/reservieren\/\">\n\t\t\t\t\t\t<span class=\"elementor-button-content-wrapper\">\n\t\t\t\t\t\t\t\t\t<span class=\"elementor-button-text\">Jetzt Reservieren !<\/span>\n\t\t\t\t\t<\/span>\n\t\t\t\t\t<\/a>\n\t\t\t\t<\/div>\n\t\t\t\t\t\t\t\t<\/div>\n\t\t\t\t<\/div>\n\t\t\t\t\t<\/div>\n\t\t<\/div>\n\t\t\t\t\t<\/div>\n\t\t<\/section>\n\t\t\t\t<section class=\"elementor-section elementor-top-section elementor-element elementor-element-0ab6681 elementor-section-boxed elementor-section-height-default elementor-section-height-default\" data-id=\"0ab6681\" data-element_type=\"section\" data-e-type=\"section\">\n\t\t\t\t\t\t<div class=\"elementor-container elementor-column-gap-default\">\n\t\t\t\t\t<div class=\"elementor-column elementor-col-100 elementor-top-column elementor-element elementor-element-30d2de8\" data-id=\"30d2de8\" data-element_type=\"column\" data-e-type=\"column\">\n\t\t\t<div class=\"elementor-widget-wrap elementor-element-populated\">\n\t\t\t\t\t\t<div class=\"elementor-element elementor-element-6dc648a elementor-widget elementor-widget-text-editor\" data-id=\"6dc648a\" data-element_type=\"widget\" data-e-type=\"widget\" data-widget_type=\"text-editor.default\">\n\t\t\t\t<div class=\"elementor-widget-container\">\n\t\t\t\t\t\t\t\t\t<p>Die oben genannten Preise gelten pro Nacht f\u00fcr die angegebene Anzahl von Personen. Es gibt keine Mindestaufenthaltsdauer.<\/p>\n<p><strong>Preise beinhalten:<\/strong><\/p>\n<ul>\n<li>Endreinigung<\/li>\n<li>Einmal pro Woche Zwischenreinigung mit Bettw\u00e4schewechsel<\/li>\n<li>Wechsel der K\u00fcchenw\u00e4sche und Handt\u00fccher zweimal pro Woche<\/li>\n<li>Verwendung von Wasser<\/li>\n<li>Nutzung von WiFi im Resort<\/li>\n<li>Benutzung eines privaten Safes<\/li>\n<li>Nutzung des Parkhauses<\/li>\n<li>Verwendung Ihrer eigenen K\u00fchlbox<\/li>\n<li>Verwendung von b.b.q`s.<\/li>\n<\/ul>\n\t\t\t\t\t\t\t\t<\/div>\n\t\t\t\t<\/div>\n\t\t\t\t\t<\/div>\n\t\t<\/div>\n\t\t\t\t\t<\/div>\n\t\t<\/section>\n\t\t\t\t<\/div>\n\t\t","protected":false},"excerpt":{"rendered":"<p>Accommodatie Personen Euro Studio 2 Personen 50 Appartement mit 1 Schlafzimmer 2 Personen 60 3 Personen 70 4 Personen 80 Appartement mit 2 Schlafzimmern 2 Personen 70 3 Personen 80 4 Personen 90 5 Personen 100 Jetzt Reservieren ! Die oben genannten Preise gelten pro Nacht f\u00fcr die angegebene Anzahl von Personen. Es gibt keine Mindestaufenthaltsdauer. Preise beinhalten: Endreinigung Einmal pro Woche Zwischenreinigung mit Bettw\u00e4schewechsel Wechsel der K\u00fcchenw\u00e4sche und Handt\u00fccher zweimal pro Woche Verwendung von Wasser Nutzung von WiFi im Resort Benutzung eines privaten Safes Nutzung des Parkhauses Verwendung Ihrer eigenen K\u00fchlbox Verwendung von b.b.q`s.<\/p>\n","protected":false},"author":4,"featured_media":0,"parent":0,"menu_order":0,"comment_status":"closed","ping_status":"closed","template":"","meta":{"_exactmetrics_skip_tracking":false,"_exactmetrics_sitenote_active":false,"_exactmetrics_sitenote_note":"","_exactmetrics_sitenote_category":0,"footnotes":""},"class_list":["post-1043","page","type-page","status-publish","hentry"],"yoast_head":"<!-- This site is optimized with the Yoast SEO plugin v27.0 - https:\/\/yoast.com\/product\/yoast-seo-wordpress\/ -->\n<title>Preise der Appartements und Studios auf Curacao bei Caribbean Flower<\/title>\n<meta name=\"description\" content=\"Preise der Appartements und Studios auf Curacao bei Caribbean Flower, ein kleines privat gef\u00fchrtes Resort, welches drei Appartements, sowie \u00fcber drei Studios verf\u00fcgt\" \/>\n<meta name=\"robots\" content=\"index, follow, max-snippet:-1, max-image-preview:large, max-video-preview:-1\" \/>\n<link rel=\"canonical\" href=\"https:\/\/www.caribflower.com\/de\/preise\/\" \/>\n<meta property=\"og:locale\" content=\"de_DE\" \/>\n<meta property=\"og:type\" content=\"article\" \/>\n<meta property=\"og:title\" content=\"Preise der Appartements und Studios auf Curacao bei Caribbean Flower\" \/>\n<meta property=\"og:description\" content=\"Preise der Appartements und Studios auf Curacao bei Caribbean Flower, ein kleines privat gef\u00fchrtes Resort, welches drei Appartements, sowie \u00fcber drei Studios verf\u00fcgt\" \/>\n<meta property=\"og:url\" content=\"https:\/\/www.caribflower.com\/de\/preise\/\" \/>\n<meta property=\"article:modified_time\" content=\"2022-06-29T11:19:02+00:00\" \/>\n<meta property=\"og:image\" content=\"https:\/\/www.caribflower.com\/wp-content\/uploads\/2020\/02\/zwembad.png\" \/>\n\t<meta property=\"og:image:width\" content=\"1030\" \/>\n\t<meta property=\"og:image:height\" content=\"414\" \/>\n\t<meta property=\"og:image:type\" content=\"image\/png\" \/>\n<meta name=\"twitter:card\" content=\"summary_large_image\" \/>\n<meta name=\"twitter:title\" content=\"Preise der Appartements und Studios auf Curacao bei Caribbean Flower\" \/>\n<meta name=\"twitter:description\" content=\"Preise der Appartements und Studios auf Curacao bei Caribbean Flower, ein kleines privat gef\u00fchrtes Resort, welches drei Appartements, sowie \u00fcber drei Studios verf\u00fcgt\" \/>\n<meta name=\"twitter:image\" content=\"https:\/\/aanbiedingen-zomervakantie.nl\/wp-content\/uploads\/2020\/02\/zwembad.png\" \/>\n<meta name=\"twitter:label1\" content=\"Gesch\u00e4tzte Lesezeit\" \/>\n\t<meta name=\"twitter:data1\" content=\"1\u00a0Minute\" \/>\n<script type=\"application\/ld+json\" class=\"yoast-schema-graph\">{\"@context\":\"https:\/\/schema.org\",\"@graph\":[{\"@type\":\"WebPage\",\"@id\":\"https:\/\/www.caribflower.com\/de\/preise\/\",\"url\":\"https:\/\/www.caribflower.com\/de\/preise\/\",\"name\":\"Preise der Appartements und Studios auf Curacao bei Caribbean Flower\",\"isPartOf\":{\"@id\":\"https:\/\/www.caribflower.com\/de\/#website\"},\"primaryImageOfPage\":{\"@id\":\"https:\/\/www.caribflower.com\/de\/preise\/#primaryimage\"},\"image\":{\"@id\":\"https:\/\/www.caribflower.com\/de\/preise\/#primaryimage\"},\"thumbnailUrl\":\"https:\/\/www.caribflower.com\/wp-content\/uploads\/2020\/02\/zwembad-2.jpg\",\"datePublished\":\"2020-04-03T11:07:46+00:00\",\"dateModified\":\"2022-06-29T11:19:02+00:00\",\"description\":\"Preise der Appartements und Studios auf Curacao bei Caribbean Flower, ein kleines privat gef\u00fchrtes Resort, welches drei Appartements, sowie \u00fcber drei Studios verf\u00fcgt\",\"breadcrumb\":{\"@id\":\"https:\/\/www.caribflower.com\/de\/preise\/#breadcrumb\"},\"inLanguage\":\"de\",\"potentialAction\":[{\"@type\":\"ReadAction\",\"target\":[\"https:\/\/www.caribflower.com\/de\/preise\/\"]}]},{\"@type\":\"ImageObject\",\"inLanguage\":\"de\",\"@id\":\"https:\/\/www.caribflower.com\/de\/preise\/#primaryimage\",\"url\":\"https:\/\/www.caribflower.com\/wp-content\/uploads\/2020\/02\/zwembad-2.jpg\",\"contentUrl\":\"https:\/\/www.caribflower.com\/wp-content\/uploads\/2020\/02\/zwembad-2.jpg\"},{\"@type\":\"BreadcrumbList\",\"@id\":\"https:\/\/www.caribflower.com\/de\/preise\/#breadcrumb\",\"itemListElement\":[{\"@type\":\"ListItem\",\"position\":1,\"name\":\"Home\",\"item\":\"https:\/\/www.caribflower.com\/de\/\"},{\"@type\":\"ListItem\",\"position\":2,\"name\":\"Preise\"}]},{\"@type\":\"WebSite\",\"@id\":\"https:\/\/www.caribflower.com\/de\/#website\",\"url\":\"https:\/\/www.caribflower.com\/de\/\",\"name\":\"\",\"description\":\"\",\"publisher\":{\"@id\":\"https:\/\/www.caribflower.com\/de\/#organization\"},\"potentialAction\":[{\"@type\":\"SearchAction\",\"target\":{\"@type\":\"EntryPoint\",\"urlTemplate\":\"https:\/\/www.caribflower.com\/de\/?s={search_term_string}\"},\"query-input\":{\"@type\":\"PropertyValueSpecification\",\"valueRequired\":true,\"valueName\":\"search_term_string\"}}],\"inLanguage\":\"de\"},{\"@type\":\"Organization\",\"@id\":\"https:\/\/www.caribflower.com\/de\/#organization\",\"name\":\"Caribbean Flower Apartments Curacao\",\"url\":\"https:\/\/www.caribflower.com\/de\/\",\"logo\":{\"@type\":\"ImageObject\",\"inLanguage\":\"de\",\"@id\":\"https:\/\/www.caribflower.com\/de\/#\/schema\/logo\/image\/\",\"url\":\"https:\/\/www.caribflower.com\/wp-content\/uploads\/2020\/05\/cropped-favicon2.png\",\"contentUrl\":\"https:\/\/www.caribflower.com\/wp-content\/uploads\/2020\/05\/cropped-favicon2.png\",\"width\":512,\"height\":512,\"caption\":\"Caribbean Flower Apartments Curacao\"},\"image\":{\"@id\":\"https:\/\/www.caribflower.com\/de\/#\/schema\/logo\/image\/\"}}]}<\/script>\n<!-- \/ Yoast SEO plugin. -->","yoast_head_json":{"title":"Preise der Appartements und Studios auf Curacao bei Caribbean Flower","description":"Preise der Appartements und Studios auf Curacao bei Caribbean Flower, ein kleines privat gef\u00fchrtes Resort, welches drei Appartements, sowie \u00fcber drei Studios verf\u00fcgt","robots":{"index":"index","follow":"follow","max-snippet":"max-snippet:-1","max-image-preview":"max-image-preview:large","max-video-preview":"max-video-preview:-1"},"canonical":"https:\/\/www.caribflower.com\/de\/preise\/","og_locale":"de_DE","og_type":"article","og_title":"Preise der Appartements und Studios auf Curacao bei Caribbean Flower","og_description":"Preise der Appartements und Studios auf Curacao bei Caribbean Flower, ein kleines privat gef\u00fchrtes Resort, welches drei Appartements, sowie \u00fcber drei Studios verf\u00fcgt","og_url":"https:\/\/www.caribflower.com\/de\/preise\/","article_modified_time":"2022-06-29T11:19:02+00:00","og_image":[{"width":1030,"height":414,"url":"https:\/\/www.caribflower.com\/wp-content\/uploads\/2020\/02\/zwembad.png","type":"image\/png"}],"twitter_card":"summary_large_image","twitter_title":"Preise der Appartements und Studios auf Curacao bei Caribbean Flower","twitter_description":"Preise der Appartements und Studios auf Curacao bei Caribbean Flower, ein kleines privat gef\u00fchrtes Resort, welches drei Appartements, sowie \u00fcber drei Studios verf\u00fcgt","twitter_image":"https:\/\/aanbiedingen-zomervakantie.nl\/wp-content\/uploads\/2020\/02\/zwembad.png","twitter_misc":{"Gesch\u00e4tzte Lesezeit":"1\u00a0Minute"},"schema":{"@context":"https:\/\/schema.org","@graph":[{"@type":"WebPage","@id":"https:\/\/www.caribflower.com\/de\/preise\/","url":"https:\/\/www.caribflower.com\/de\/preise\/","name":"Preise der Appartements und Studios auf Curacao bei Caribbean Flower","isPartOf":{"@id":"https:\/\/www.caribflower.com\/de\/#website"},"primaryImageOfPage":{"@id":"https:\/\/www.caribflower.com\/de\/preise\/#primaryimage"},"image":{"@id":"https:\/\/www.caribflower.com\/de\/preise\/#primaryimage"},"thumbnailUrl":"https:\/\/www.caribflower.com\/wp-content\/uploads\/2020\/02\/zwembad-2.jpg","datePublished":"2020-04-03T11:07:46+00:00","dateModified":"2022-06-29T11:19:02+00:00","description":"Preise der Appartements und Studios auf Curacao bei Caribbean Flower, ein kleines privat gef\u00fchrtes Resort, welches drei Appartements, sowie \u00fcber drei Studios verf\u00fcgt","breadcrumb":{"@id":"https:\/\/www.caribflower.com\/de\/preise\/#breadcrumb"},"inLanguage":"de","potentialAction":[{"@type":"ReadAction","target":["https:\/\/www.caribflower.com\/de\/preise\/"]}]},{"@type":"ImageObject","inLanguage":"de","@id":"https:\/\/www.caribflower.com\/de\/preise\/#primaryimage","url":"https:\/\/www.caribflower.com\/wp-content\/uploads\/2020\/02\/zwembad-2.jpg","contentUrl":"https:\/\/www.caribflower.com\/wp-content\/uploads\/2020\/02\/zwembad-2.jpg"},{"@type":"BreadcrumbList","@id":"https:\/\/www.caribflower.com\/de\/preise\/#breadcrumb","itemListElement":[{"@type":"ListItem","position":1,"name":"Home","item":"https:\/\/www.caribflower.com\/de\/"},{"@type":"ListItem","position":2,"name":"Preise"}]},{"@type":"WebSite","@id":"https:\/\/www.caribflower.com\/de\/#website","url":"https:\/\/www.caribflower.com\/de\/","name":"","description":"","publisher":{"@id":"https:\/\/www.caribflower.com\/de\/#organization"},"potentialAction":[{"@type":"SearchAction","target":{"@type":"EntryPoint","urlTemplate":"https:\/\/www.caribflower.com\/de\/?s={search_term_string}"},"query-input":{"@type":"PropertyValueSpecification","valueRequired":true,"valueName":"search_term_string"}}],"inLanguage":"de"},{"@type":"Organization","@id":"https:\/\/www.caribflower.com\/de\/#organization","name":"Caribbean Flower Apartments Curacao","url":"https:\/\/www.caribflower.com\/de\/","logo":{"@type":"ImageObject","inLanguage":"de","@id":"https:\/\/www.caribflower.com\/de\/#\/schema\/logo\/image\/","url":"https:\/\/www.caribflower.com\/wp-content\/uploads\/2020\/05\/cropped-favicon2.png","contentUrl":"https:\/\/www.caribflower.com\/wp-content\/uploads\/2020\/05\/cropped-favicon2.png","width":512,"height":512,"caption":"Caribbean Flower Apartments Curacao"},"image":{"@id":"https:\/\/www.caribflower.com\/de\/#\/schema\/logo\/image\/"}}]}},"acf":[],"_links":{"self":[{"href":"https:\/\/www.caribflower.com\/de\/wp-json\/wp\/v2\/pages\/1043","targetHints":{"allow":["GET"]}}],"collection":[{"href":"https:\/\/www.caribflower.com\/de\/wp-json\/wp\/v2\/pages"}],"about":[{"href":"https:\/\/www.caribflower.com\/de\/wp-json\/wp\/v2\/types\/page"}],"author":[{"embeddable":true,"href":"https:\/\/www.caribflower.com\/de\/wp-json\/wp\/v2\/users\/4"}],"replies":[{"embeddable":true,"href":"https:\/\/www.caribflower.com\/de\/wp-json\/wp\/v2\/comments?post=1043"}],"version-history":[{"count":14,"href":"https:\/\/www.caribflower.com\/de\/wp-json\/wp\/v2\/pages\/1043\/revisions"}],"predecessor-version":[{"id":1588,"href":"https:\/\/www.caribflower.com\/de\/wp-json\/wp\/v2\/pages\/1043\/revisions\/1588"}],"wp:attachment":[{"href":"https:\/\/www.caribflower.com\/de\/wp-json\/wp\/v2\/media?parent=1043"}],"curies":[{"name":"wp","href":"https:\/\/api.w.org\/{rel}","templated":true}]}}