{"id":1047,"date":"2020-04-03T11:11:47","date_gmt":"2020-04-03T11:11:47","guid":{"rendered":"https:\/\/aanbiedingen-zomervakantie.nl\/studios\/"},"modified":"2022-06-29T14:54:17","modified_gmt":"2022-06-29T14:54:17","slug":"studios","status":"publish","type":"page","link":"https:\/\/www.caribflower.com\/de\/studios\/","title":{"rendered":"Studios"},"content":{"rendered":"\t\t<div data-elementor-type=\"wp-page\" data-elementor-id=\"1047\" class=\"elementor elementor-1047 elementor-123\">\n\t\t\t\t\t\t<section class=\"elementor-section elementor-top-section elementor-element elementor-element-a677f58 elementor-section-boxed elementor-section-height-default elementor-section-height-default\" data-id=\"a677f58\" data-element_type=\"section\" data-e-type=\"section\">\n\t\t\t\t\t\t<div class=\"elementor-container elementor-column-gap-default\">\n\t\t\t\t\t<div class=\"elementor-column elementor-col-100 elementor-top-column elementor-element elementor-element-327fa89\" data-id=\"327fa89\" data-element_type=\"column\" data-e-type=\"column\">\n\t\t\t<div class=\"elementor-widget-wrap elementor-element-populated\">\n\t\t\t\t\t\t<div class=\"elementor-element elementor-element-6ad8a7f elementor-widget elementor-widget-text-editor\" data-id=\"6ad8a7f\" data-element_type=\"widget\" data-e-type=\"widget\" data-widget_type=\"text-editor.default\">\n\t\t\t\t<div class=\"elementor-widget-container\">\n\t\t\t\t\t\t\t\t\tDie <strong>Studios<\/strong> sind f\u00fcr zwei Personen ausgerichtet und bestehen aus einem Wohn\/Schlafzimmer mit Kitchenette, ein Badezimmer und einer eigenen \u00fcberdachten Terrasse.\r\n\r\nDie <strong>Kitchenette<\/strong> ist komplett eingerichtet und u.a. mit Elektrokochplatten, Mikrowelle, K\u00fchlschrank mit Gefriereinheit, Wasserkocher, Kaffeemaschine und einem Toaster ausgestattet. Die Einrichtung besteht aus einer Essecke, zwei ein Personen Boxspringbetten, einem Deckenventilator und einem Radio. Zu Ihrer Sicherheit ist ein Rauchmelder angebracht. Das Bad verf\u00fcgt \u00fcber eine Dusche mit Warmwasser, einem Waschbecken mit Spiegel und Rasiersteckdose, einer Toilette und einem Schrank mit eingebautem Tresor.\r\n\r\nIhre private Terrasse ist beleuchtet und mit einem Tisch und St\u00fchlen ausgestattet.\t\t\t\t\t\t\t\t<\/div>\n\t\t\t\t<\/div>\n\t\t\t\t\t<\/div>\n\t\t<\/div>\n\t\t\t\t\t<\/div>\n\t\t<\/section>\n\t\t\t\t<section class=\"elementor-section elementor-top-section elementor-element elementor-element-e5fd119 elementor-section-boxed elementor-section-height-default elementor-section-height-default\" data-id=\"e5fd119\" data-element_type=\"section\" data-e-type=\"section\">\n\t\t\t\t\t\t<div class=\"elementor-container elementor-column-gap-default\">\n\t\t\t\t\t<div class=\"elementor-column elementor-col-33 elementor-top-column elementor-element elementor-element-4664e01\" data-id=\"4664e01\" data-element_type=\"column\" data-e-type=\"column\">\n\t\t\t<div class=\"elementor-widget-wrap\">\n\t\t\t\t\t\t\t<\/div>\n\t\t<\/div>\n\t\t\t\t<div class=\"elementor-column elementor-col-100 elementor-top-column elementor-element elementor-element-24ffa95\" data-id=\"24ffa95\" data-element_type=\"column\" data-e-type=\"column\">\n\t\t\t<div class=\"elementor-widget-wrap elementor-element-populated\">\n\t\t\t\t\t\t<div class=\"elementor-element elementor-element-4cdc226 elementor-widget elementor-widget-text-editor\" data-id=\"4cdc226\" data-element_type=\"widget\" data-e-type=\"widget\" data-widget_type=\"text-editor.default\">\n\t\t\t\t<div class=\"elementor-widget-container\">\n\t\t\t\t\t\t\t\t\t<div id=\"metaslider-id-604\" style=\"width: 100%;\" class=\"ml-slider-3-108-0 metaslider metaslider-flex metaslider-604 ml-slider has-dots-nav ms-theme-default\" role=\"region\" aria-label=\"studio\" data-height=\"602\" data-width=\"900\">\n    <div id=\"metaslider_container_604\">\n        <div id=\"metaslider_604\">\n            <ul class='slides'>\n                <li style=\"display: block; width: 100%;\" class=\"slide-620 ms-image \" aria-roledescription=\"slide\" data-date=\"2020-03-25 09:10:34\" data-filename=\"studio-1-900x602.jpg\" data-slide-type=\"image\"><img fetchpriority=\"high\" decoding=\"async\" src=\"https:\/\/www.caribflower.com\/wp-content\/uploads\/2020\/02\/studio-1-900x602.jpg\" height=\"602\" width=\"900\" alt=\"\" class=\"slider-604 slide-620 msDefaultImage\" title=\"studio\" \/><\/li>\n                <li style=\"display: none; width: 100%;\" class=\"slide-621 ms-image \" aria-roledescription=\"slide\" data-date=\"2020-03-25 09:10:34\" data-filename=\"kitchenette-900x602.jpg\" data-slide-type=\"image\"><img decoding=\"async\" src=\"https:\/\/www.caribflower.com\/wp-content\/uploads\/2020\/03\/kitchenette-900x602.jpg\" height=\"602\" width=\"900\" alt=\"\" class=\"slider-604 slide-621 msDefaultImage\" title=\"kitchenette\" \/><\/li>\n                <li style=\"display: none; width: 100%;\" class=\"slide-622 ms-image \" aria-roledescription=\"slide\" data-date=\"2020-03-25 09:10:34\" data-filename=\"studio-900x602.jpg\" data-slide-type=\"image\"><img decoding=\"async\" src=\"https:\/\/www.caribflower.com\/wp-content\/uploads\/2020\/03\/studio-900x602.jpg\" height=\"602\" width=\"900\" alt=\"\" class=\"slider-604 slide-622 msDefaultImage\" title=\"studio\" \/><\/li>\n                <li style=\"display: none; width: 100%;\" class=\"slide-623 ms-image \" aria-roledescription=\"slide\" data-date=\"2020-03-25 09:10:34\" data-filename=\"studio-bed-900x602.jpg\" data-slide-type=\"image\"><img loading=\"lazy\" decoding=\"async\" src=\"https:\/\/www.caribflower.com\/wp-content\/uploads\/2020\/03\/studio-bed-900x602.jpg\" height=\"602\" width=\"900\" alt=\"\" class=\"slider-604 slide-623 msDefaultImage\" title=\"studio-bed\" \/><\/li>\n                <li style=\"display: none; width: 100%;\" class=\"slide-625 ms-image \" aria-roledescription=\"slide\" data-date=\"2020-03-25 09:10:34\" data-filename=\"terras-studio-900x602.jpg\" data-slide-type=\"image\"><img loading=\"lazy\" decoding=\"async\" src=\"https:\/\/www.caribflower.com\/wp-content\/uploads\/2020\/03\/terras-studio-900x602.jpg\" height=\"602\" width=\"900\" alt=\"\" class=\"slider-604 slide-625 msDefaultImage\" title=\"terras-studio\" \/><\/li>\n            <\/ul>\n        <\/div>\n        \n    <\/div>\n<\/div>\t\t\t\t\t\t\t\t<\/div>\n\t\t\t\t<\/div>\n\t\t\t\t\t<\/div>\n\t\t<\/div>\n\t\t\t\t<div class=\"elementor-column elementor-col-33 elementor-top-column elementor-element elementor-element-9aa1807\" data-id=\"9aa1807\" data-element_type=\"column\" data-e-type=\"column\">\n\t\t\t<div class=\"elementor-widget-wrap\">\n\t\t\t\t\t\t\t<\/div>\n\t\t<\/div>\n\t\t\t\t\t<\/div>\n\t\t<\/section>\n\t\t\t\t<section class=\"elementor-section elementor-top-section elementor-element elementor-element-5f1fb34 elementor-section-boxed elementor-section-height-default elementor-section-height-default\" data-id=\"5f1fb34\" data-element_type=\"section\" data-e-type=\"section\">\n\t\t\t\t\t\t<div class=\"elementor-container elementor-column-gap-default\">\n\t\t\t\t\t\t<\/div>\n\t\t<\/section>\n\t\t\t\t<section class=\"elementor-section elementor-top-section elementor-element elementor-element-83f4413 elementor-section-boxed elementor-section-height-default elementor-section-height-default\" data-id=\"83f4413\" data-element_type=\"section\" data-e-type=\"section\">\n\t\t\t\t\t\t<div class=\"elementor-container elementor-column-gap-default\">\n\t\t\t\t\t<div class=\"elementor-column elementor-col-100 elementor-top-column elementor-element elementor-element-7617bf4\" data-id=\"7617bf4\" data-element_type=\"column\" data-e-type=\"column\">\n\t\t\t<div class=\"elementor-widget-wrap elementor-element-populated\">\n\t\t\t\t\t\t<div class=\"elementor-element elementor-element-31dbaf8 elementor-widget elementor-widget-text-editor\" data-id=\"31dbaf8\" data-element_type=\"widget\" data-e-type=\"widget\" data-widget_type=\"text-editor.default\">\n\t\t\t\t<div class=\"elementor-widget-container\">\n\t\t\t\t\t\t\t\t\t<strong>Praktische Informationen:<\/strong>\r\n<ul>\r\n \t<li>Die Netzspannung an Curacao variiert zwischen 110 und 130 Volt. Das Studio verf\u00fcgt jedoch auch \u00fcber einen 220-Volt-Anschluss.<\/li>\r\n \t<li>WiFi \/ Wireless Internet ist kostenlos verf\u00fcgbar.<\/li>\r\n \t<li>Das Trinkwasser ist von ausgezeichneter Qualit\u00e4t und kann leicht getrunken werden.<\/li>\r\n \t<li>Reinigung, Bettw\u00e4sche und Handt\u00fccher sowie K\u00fcchent\u00fccher sind inbegriffen.<\/li>\r\n \t<li>Bettw\u00e4sche, Handt\u00fccher und K\u00fcchent\u00fccher werden gestellt.<\/li>\r\n \t<li>Strandt\u00fccher f\u00fcr den Strand m\u00fcssen von Ihnen selbst mitgebracht werden.<\/li>\r\n \t<li>K\u00fchlbox und Wasserkrug f\u00fcr den Strand sind vorhanden.<\/li>\r\n \t<li>Babybetten und Hochst\u00fchle sind kostenlos erh\u00e4ltlich.<\/li>\r\n<\/ul>\t\t\t\t\t\t\t\t<\/div>\n\t\t\t\t<\/div>\n\t\t\t\t\t<\/div>\n\t\t<\/div>\n\t\t\t\t\t<\/div>\n\t\t<\/section>\n\t\t\t\t<section class=\"elementor-section elementor-top-section elementor-element elementor-element-1434b09 elementor-section-boxed elementor-section-height-default elementor-section-height-default\" data-id=\"1434b09\" data-element_type=\"section\" data-e-type=\"section\">\n\t\t\t\t\t\t<div class=\"elementor-container elementor-column-gap-default\">\n\t\t\t\t\t<div class=\"elementor-column elementor-col-100 elementor-top-column elementor-element elementor-element-8059c85\" data-id=\"8059c85\" data-element_type=\"column\" data-e-type=\"column\">\n\t\t\t<div class=\"elementor-widget-wrap elementor-element-populated\">\n\t\t\t\t\t\t<div class=\"elementor-element elementor-element-b8c2d05 elementor-widget elementor-widget-heading\" data-id=\"b8c2d05\" data-element_type=\"widget\" data-e-type=\"widget\" data-widget_type=\"heading.default\">\n\t\t\t\t<div class=\"elementor-widget-container\">\n\t\t\t\t\t<h3 class=\"elementor-heading-title elementor-size-default\">Preise<\/h3>\t\t\t\t<\/div>\n\t\t\t\t<\/div>\n\t\t\t\t\t<\/div>\n\t\t<\/div>\n\t\t\t\t\t<\/div>\n\t\t<\/section>\n\t\t\t\t<section class=\"elementor-section elementor-top-section elementor-element elementor-element-b59a400 elementor-section-boxed elementor-section-height-default elementor-section-height-default\" data-id=\"b59a400\" data-element_type=\"section\" data-e-type=\"section\">\n\t\t\t\t\t\t<div class=\"elementor-container elementor-column-gap-default\">\n\t\t\t\t\t<div class=\"elementor-column elementor-col-100 elementor-top-column elementor-element elementor-element-c25ed2d\" data-id=\"c25ed2d\" data-element_type=\"column\" data-e-type=\"column\">\n\t\t\t<div class=\"elementor-widget-wrap elementor-element-populated\">\n\t\t\t\t\t\t<div class=\"elementor-element elementor-element-08c9ee9 elementor-widget elementor-widget-text-editor\" data-id=\"08c9ee9\" data-element_type=\"widget\" data-e-type=\"widget\" data-widget_type=\"text-editor.default\">\n\t\t\t\t<div class=\"elementor-widget-container\">\n\t\t\t\t\t\t\t\t\tDie Kosten f\u00fcr ein Studio betragen 50 \u20ac pro Nacht. Es gibt keine Mindestaufenthaltsdauer.\r\n\r\n<strong>Preise beinhalten:<\/strong>\r\n<ul>\r\n \t<li>Endreinigung<\/li>\r\n \t<li>Einmal pro Woche Zwischenreinigung mit Bettw\u00e4schewechsel<\/li>\r\n \t<li>Wechsel der K\u00fcchenw\u00e4sche und Handt\u00fccher zweimal pro Woche<\/li>\r\n \t<li>Verwendung von Wasser<\/li>\r\n \t<li>Nutzung von WiFi im Resort<\/li>\r\n \t<li>Benutzung eines privaten Safes<\/li>\r\n \t<li>Nutzung des Parkhauses<\/li>\r\n \t<li>Verwendung Ihrer eigenen K\u00fchlbox<\/li>\r\n \t<li>Verwendung von b.b.q`s.<\/li>\r\n<\/ul>\t\t\t\t\t\t\t\t<\/div>\n\t\t\t\t<\/div>\n\t\t\t\t\t<\/div>\n\t\t<\/div>\n\t\t\t\t\t<\/div>\n\t\t<\/section>\n\t\t\t\t<section class=\"elementor-section elementor-top-section elementor-element elementor-element-3a4334d elementor-section-boxed elementor-section-height-default elementor-section-height-default\" data-id=\"3a4334d\" data-element_type=\"section\" data-e-type=\"section\">\n\t\t\t\t\t\t<div class=\"elementor-container elementor-column-gap-default\">\n\t\t\t\t\t<div class=\"elementor-column elementor-col-100 elementor-top-column elementor-element elementor-element-348e719\" data-id=\"348e719\" data-element_type=\"column\" data-e-type=\"column\">\n\t\t\t<div class=\"elementor-widget-wrap elementor-element-populated\">\n\t\t\t\t\t\t<div class=\"elementor-element elementor-element-4243fc9 elementor-button-info elementor-align-center elementor-widget elementor-widget-button\" data-id=\"4243fc9\" data-element_type=\"widget\" data-e-type=\"widget\" data-widget_type=\"button.default\">\n\t\t\t\t<div class=\"elementor-widget-container\">\n\t\t\t\t\t\t\t\t\t<div class=\"elementor-button-wrapper\">\n\t\t\t\t\t<a class=\"elementor-button elementor-button-link elementor-size-lg\" href=\"https:\/\/www.caribflower.com\/de\/reservieren\/\">\n\t\t\t\t\t\t<span class=\"elementor-button-content-wrapper\">\n\t\t\t\t\t\t\t\t\t<span class=\"elementor-button-text\">Jetzt Buchen !<\/span>\n\t\t\t\t\t<\/span>\n\t\t\t\t\t<\/a>\n\t\t\t\t<\/div>\n\t\t\t\t\t\t\t\t<\/div>\n\t\t\t\t<\/div>\n\t\t\t\t\t<\/div>\n\t\t<\/div>\n\t\t\t\t\t<\/div>\n\t\t<\/section>\n\t\t\t\t<\/div>\n\t\t","protected":false},"excerpt":{"rendered":"<p>Die Studios sind f\u00fcr zwei Personen ausgerichtet und bestehen aus einem Wohn\/Schlafzimmer mit Kitchenette, ein Badezimmer und einer eigenen \u00fcberdachten Terrasse. Die Kitchenette ist komplett eingerichtet und u.a. mit Elektrokochplatten, Mikrowelle, K\u00fchlschrank mit Gefriereinheit, Wasserkocher, Kaffeemaschine und einem Toaster ausgestattet. Die Einrichtung besteht aus einer Essecke, zwei ein Personen Boxspringbetten, einem Deckenventilator und einem Radio. Zu Ihrer Sicherheit ist ein Rauchmelder angebracht. Das Bad verf\u00fcgt \u00fcber eine Dusche mit Warmwasser, einem Waschbecken mit Spiegel und Rasiersteckdose, einer Toilette und einem Schrank mit eingebautem Tresor. Ihre private Terrasse ist beleuchtet und mit einem Tisch und St\u00fchlen ausgestattet.Praktische Informationen: Die Netzspannung an Curacao variiert zwischen 110 und 130 Volt. Das Studio verf\u00fcgt jedoch auch \u00fcber einen 220-Volt-Anschluss. WiFi \/ Wireless Internet ist kostenlos verf\u00fcgbar. Das Trinkwasser ist von ausgezeichneter Qualit\u00e4t und kann leicht getrunken werden. Reinigung, Bettw\u00e4sche und Handt\u00fccher sowie K\u00fcchent\u00fccher sind inbegriffen. Bettw\u00e4sche, Handt\u00fccher und K\u00fcchent\u00fccher werden gestellt. Strandt\u00fccher f\u00fcr den Strand m\u00fcssen von Ihnen selbst mitgebracht werden. K\u00fchlbox und Wasserkrug f\u00fcr den Strand sind vorhanden. Babybetten und Hochst\u00fchle sind kostenlos erh\u00e4ltlich. Preise Die Kosten f\u00fcr ein Studio betragen 50 \u20ac pro Nacht. Es gibt keine Mindestaufenthaltsdauer. Preise beinhalten: Endreinigung Einmal pro Woche Zwischenreinigung mit Bettw\u00e4schewechsel Wechsel der K\u00fcchenw\u00e4sche und Handt\u00fccher zweimal pro Woche Verwendung von Wasser Nutzung von WiFi im Resort Benutzung eines privaten Safes Nutzung des Parkhauses Verwendung Ihrer eigenen K\u00fchlbox Verwendung von b.b.q`s. Jetzt Buchen !<\/p>\n","protected":false},"author":4,"featured_media":0,"parent":0,"menu_order":0,"comment_status":"closed","ping_status":"closed","template":"","meta":{"_exactmetrics_skip_tracking":false,"_exactmetrics_sitenote_active":false,"_exactmetrics_sitenote_note":"","_exactmetrics_sitenote_category":0,"footnotes":""},"class_list":["post-1047","page","type-page","status-publish","hentry"],"yoast_head":"<!-- This site is optimized with the Yoast SEO plugin v27.4 - https:\/\/yoast.com\/product\/yoast-seo-wordpress\/ -->\n<title>Studios Curacao - Bequem und erschwinglich - Caribbean Flower<\/title>\n<meta name=\"description\" content=\"Caribbean Flower Appartements Curacao hat Studios f\u00fcr zwei Personen ausgerichtet und bestehen aus einem Wohn\/Schlafzimmer mit Kitchenette, ein Badezimmer und einer eigenen \u00fcberdachten Terrasse.\" \/>\n<meta name=\"robots\" content=\"index, follow, max-snippet:-1, max-image-preview:large, max-video-preview:-1\" \/>\n<link rel=\"canonical\" href=\"https:\/\/www.caribflower.com\/de\/studios\/\" \/>\n<meta property=\"og:locale\" content=\"de_DE\" \/>\n<meta property=\"og:type\" content=\"article\" \/>\n<meta property=\"og:title\" content=\"Studios Curacao - Bequem und erschwinglich - Caribbean Flower\" \/>\n<meta property=\"og:description\" content=\"Caribbean Flower Appartements Curacao hat Studios f\u00fcr zwei Personen ausgerichtet und bestehen aus einem Wohn\/Schlafzimmer mit Kitchenette, ein Badezimmer und einer eigenen \u00fcberdachten Terrasse.\" \/>\n<meta property=\"og:url\" content=\"https:\/\/www.caribflower.com\/de\/studios\/\" \/>\n<meta property=\"article:modified_time\" content=\"2022-06-29T14:54:17+00:00\" \/>\n<meta property=\"og:image\" content=\"https:\/\/www.caribflower.com\/wp-content\/uploads\/2020\/02\/studio.jpg\" \/>\n\t<meta property=\"og:image:width\" content=\"1030\" \/>\n\t<meta property=\"og:image:height\" content=\"676\" \/>\n\t<meta property=\"og:image:type\" content=\"image\/jpeg\" \/>\n<meta name=\"twitter:card\" content=\"summary_large_image\" \/>\n<meta name=\"twitter:title\" content=\"Studios Curacao - Bequem und erschwinglich - Caribbean Flower\" \/>\n<meta name=\"twitter:description\" content=\"Caribbean Flower Appartements Curacao hat Studios f\u00fcr zwei Personen ausgerichtet und bestehen aus einem Wohn\/Schlafzimmer mit Kitchenette, ein Badezimmer und einer eigenen \u00fcberdachten Terrasse.\" \/>\n<meta name=\"twitter:image\" content=\"https:\/\/aanbiedingen-zomervakantie.nl\/wp-content\/uploads\/2020\/02\/studio.jpg\" \/>\n<meta name=\"twitter:label1\" content=\"Gesch\u00e4tzte Lesezeit\" \/>\n\t<meta name=\"twitter:data1\" content=\"1\u00a0Minute\" \/>\n<script type=\"application\/ld+json\" class=\"yoast-schema-graph\">{\"@context\":\"https:\\\/\\\/schema.org\",\"@graph\":[{\"@type\":\"WebPage\",\"@id\":\"https:\\\/\\\/www.caribflower.com\\\/de\\\/studios\\\/\",\"url\":\"https:\\\/\\\/www.caribflower.com\\\/de\\\/studios\\\/\",\"name\":\"Studios Curacao - Bequem und erschwinglich - Caribbean Flower\",\"isPartOf\":{\"@id\":\"https:\\\/\\\/www.caribflower.com\\\/de\\\/#website\"},\"datePublished\":\"2020-04-03T11:11:47+00:00\",\"dateModified\":\"2022-06-29T14:54:17+00:00\",\"description\":\"Caribbean Flower Appartements Curacao hat Studios f\u00fcr zwei Personen ausgerichtet und bestehen aus einem Wohn\\\/Schlafzimmer mit Kitchenette, ein Badezimmer und einer eigenen \u00fcberdachten Terrasse.\",\"breadcrumb\":{\"@id\":\"https:\\\/\\\/www.caribflower.com\\\/de\\\/studios\\\/#breadcrumb\"},\"inLanguage\":\"de\",\"potentialAction\":[{\"@type\":\"ReadAction\",\"target\":[\"https:\\\/\\\/www.caribflower.com\\\/de\\\/studios\\\/\"]}]},{\"@type\":\"BreadcrumbList\",\"@id\":\"https:\\\/\\\/www.caribflower.com\\\/de\\\/studios\\\/#breadcrumb\",\"itemListElement\":[{\"@type\":\"ListItem\",\"position\":1,\"name\":\"Home\",\"item\":\"https:\\\/\\\/www.caribflower.com\\\/de\\\/\"},{\"@type\":\"ListItem\",\"position\":2,\"name\":\"Studios\"}]},{\"@type\":\"WebSite\",\"@id\":\"https:\\\/\\\/www.caribflower.com\\\/de\\\/#website\",\"url\":\"https:\\\/\\\/www.caribflower.com\\\/de\\\/\",\"name\":\"\",\"description\":\"\",\"publisher\":{\"@id\":\"https:\\\/\\\/www.caribflower.com\\\/de\\\/#organization\"},\"potentialAction\":[{\"@type\":\"SearchAction\",\"target\":{\"@type\":\"EntryPoint\",\"urlTemplate\":\"https:\\\/\\\/www.caribflower.com\\\/de\\\/?s={search_term_string}\"},\"query-input\":{\"@type\":\"PropertyValueSpecification\",\"valueRequired\":true,\"valueName\":\"search_term_string\"}}],\"inLanguage\":\"de\"},{\"@type\":\"Organization\",\"@id\":\"https:\\\/\\\/www.caribflower.com\\\/de\\\/#organization\",\"name\":\"Caribbean Flower Apartments Curacao\",\"url\":\"https:\\\/\\\/www.caribflower.com\\\/de\\\/\",\"logo\":{\"@type\":\"ImageObject\",\"inLanguage\":\"de\",\"@id\":\"https:\\\/\\\/www.caribflower.com\\\/de\\\/#\\\/schema\\\/logo\\\/image\\\/\",\"url\":\"https:\\\/\\\/www.caribflower.com\\\/wp-content\\\/uploads\\\/2020\\\/05\\\/cropped-favicon2.png\",\"contentUrl\":\"https:\\\/\\\/www.caribflower.com\\\/wp-content\\\/uploads\\\/2020\\\/05\\\/cropped-favicon2.png\",\"width\":512,\"height\":512,\"caption\":\"Caribbean Flower Apartments Curacao\"},\"image\":{\"@id\":\"https:\\\/\\\/www.caribflower.com\\\/de\\\/#\\\/schema\\\/logo\\\/image\\\/\"}}]}<\/script>\n<!-- \/ Yoast SEO plugin. -->","yoast_head_json":{"title":"Studios Curacao - Bequem und erschwinglich - Caribbean Flower","description":"Caribbean Flower Appartements Curacao hat Studios f\u00fcr zwei Personen ausgerichtet und bestehen aus einem Wohn\/Schlafzimmer mit Kitchenette, ein Badezimmer und einer eigenen \u00fcberdachten Terrasse.","robots":{"index":"index","follow":"follow","max-snippet":"max-snippet:-1","max-image-preview":"max-image-preview:large","max-video-preview":"max-video-preview:-1"},"canonical":"https:\/\/www.caribflower.com\/de\/studios\/","og_locale":"de_DE","og_type":"article","og_title":"Studios Curacao - Bequem und erschwinglich - Caribbean Flower","og_description":"Caribbean Flower Appartements Curacao hat Studios f\u00fcr zwei Personen ausgerichtet und bestehen aus einem Wohn\/Schlafzimmer mit Kitchenette, ein Badezimmer und einer eigenen \u00fcberdachten Terrasse.","og_url":"https:\/\/www.caribflower.com\/de\/studios\/","article_modified_time":"2022-06-29T14:54:17+00:00","og_image":[{"width":1030,"height":676,"url":"https:\/\/www.caribflower.com\/wp-content\/uploads\/2020\/02\/studio.jpg","type":"image\/jpeg"}],"twitter_card":"summary_large_image","twitter_title":"Studios Curacao - Bequem und erschwinglich - Caribbean Flower","twitter_description":"Caribbean Flower Appartements Curacao hat Studios f\u00fcr zwei Personen ausgerichtet und bestehen aus einem Wohn\/Schlafzimmer mit Kitchenette, ein Badezimmer und einer eigenen \u00fcberdachten Terrasse.","twitter_image":"https:\/\/aanbiedingen-zomervakantie.nl\/wp-content\/uploads\/2020\/02\/studio.jpg","twitter_misc":{"Gesch\u00e4tzte Lesezeit":"1\u00a0Minute"},"schema":{"@context":"https:\/\/schema.org","@graph":[{"@type":"WebPage","@id":"https:\/\/www.caribflower.com\/de\/studios\/","url":"https:\/\/www.caribflower.com\/de\/studios\/","name":"Studios Curacao - Bequem und erschwinglich - Caribbean Flower","isPartOf":{"@id":"https:\/\/www.caribflower.com\/de\/#website"},"datePublished":"2020-04-03T11:11:47+00:00","dateModified":"2022-06-29T14:54:17+00:00","description":"Caribbean Flower Appartements Curacao hat Studios f\u00fcr zwei Personen ausgerichtet und bestehen aus einem Wohn\/Schlafzimmer mit Kitchenette, ein Badezimmer und einer eigenen \u00fcberdachten Terrasse.","breadcrumb":{"@id":"https:\/\/www.caribflower.com\/de\/studios\/#breadcrumb"},"inLanguage":"de","potentialAction":[{"@type":"ReadAction","target":["https:\/\/www.caribflower.com\/de\/studios\/"]}]},{"@type":"BreadcrumbList","@id":"https:\/\/www.caribflower.com\/de\/studios\/#breadcrumb","itemListElement":[{"@type":"ListItem","position":1,"name":"Home","item":"https:\/\/www.caribflower.com\/de\/"},{"@type":"ListItem","position":2,"name":"Studios"}]},{"@type":"WebSite","@id":"https:\/\/www.caribflower.com\/de\/#website","url":"https:\/\/www.caribflower.com\/de\/","name":"","description":"","publisher":{"@id":"https:\/\/www.caribflower.com\/de\/#organization"},"potentialAction":[{"@type":"SearchAction","target":{"@type":"EntryPoint","urlTemplate":"https:\/\/www.caribflower.com\/de\/?s={search_term_string}"},"query-input":{"@type":"PropertyValueSpecification","valueRequired":true,"valueName":"search_term_string"}}],"inLanguage":"de"},{"@type":"Organization","@id":"https:\/\/www.caribflower.com\/de\/#organization","name":"Caribbean Flower Apartments Curacao","url":"https:\/\/www.caribflower.com\/de\/","logo":{"@type":"ImageObject","inLanguage":"de","@id":"https:\/\/www.caribflower.com\/de\/#\/schema\/logo\/image\/","url":"https:\/\/www.caribflower.com\/wp-content\/uploads\/2020\/05\/cropped-favicon2.png","contentUrl":"https:\/\/www.caribflower.com\/wp-content\/uploads\/2020\/05\/cropped-favicon2.png","width":512,"height":512,"caption":"Caribbean Flower Apartments Curacao"},"image":{"@id":"https:\/\/www.caribflower.com\/de\/#\/schema\/logo\/image\/"}}]}},"acf":[],"_links":{"self":[{"href":"https:\/\/www.caribflower.com\/de\/wp-json\/wp\/v2\/pages\/1047","targetHints":{"allow":["GET"]}}],"collection":[{"href":"https:\/\/www.caribflower.com\/de\/wp-json\/wp\/v2\/pages"}],"about":[{"href":"https:\/\/www.caribflower.com\/de\/wp-json\/wp\/v2\/types\/page"}],"author":[{"embeddable":true,"href":"https:\/\/www.caribflower.com\/de\/wp-json\/wp\/v2\/users\/4"}],"replies":[{"embeddable":true,"href":"https:\/\/www.caribflower.com\/de\/wp-json\/wp\/v2\/comments?post=1047"}],"version-history":[{"count":9,"href":"https:\/\/www.caribflower.com\/de\/wp-json\/wp\/v2\/pages\/1047\/revisions"}],"predecessor-version":[{"id":1612,"href":"https:\/\/www.caribflower.com\/de\/wp-json\/wp\/v2\/pages\/1047\/revisions\/1612"}],"wp:attachment":[{"href":"https:\/\/www.caribflower.com\/de\/wp-json\/wp\/v2\/media?parent=1047"}],"curies":[{"name":"wp","href":"https:\/\/api.w.org\/{rel}","templated":true}]}}